{"id":19,"date":"2024-12-16T11:27:28","date_gmt":"2024-12-16T14:27:28","guid":{"rendered":"https:\/\/autoescolaidealitaperuna.com.br\/site\/?page_id=19"},"modified":"2025-03-10T11:33:01","modified_gmt":"2025-03-10T14:33:01","slug":"principal","status":"publish","type":"page","link":"https:\/\/autoescolaidealitaperuna.com.br\/site\/","title":{"rendered":"Principal"},"content":{"rendered":"<div class=\"n2_clear\"><ss3-force-full-width data-overflow-x=\"body\" data-horizontal-selector=\"body\"><div class=\"n2-section-smartslider fitvidsignore  n2_clear\" data-ssid=\"2\"><div id=\"n2-ss-2-align\" class=\"n2-ss-align\"><div class=\"n2-padding\"><div id=\"n2-ss-2\" data-creator=\"Smart Slider 3\" data-responsive=\"fullwidth\" class=\"n2-ss-slider n2-ow n2-has-hover n2notransition  \"><div class=\"n2-ss-slider-wrapper-inside\">\n        <div class=\"n2-ss-slider-1 n2_ss__touch_element n2-ow\">\n            <div class=\"n2-ss-slider-2 n2-ow\">\n                                                <div class=\"n2-ss-slider-3 n2-ow\">\n\n                    <div class=\"n2-ss-slide-backgrounds n2-ow-all\"><div class=\"n2-ss-slide-background\" data-public-id=\"1\" data-mode=\"fill\"><div class=\"n2-ss-slide-background-image\" data-blur=\"0\" data-opacity=\"100\" data-x=\"50\" data-y=\"50\" data-alt=\"\" data-title=\"\"><picture class=\"skip-lazy\" data-skip-lazy=\"1\"><img decoding=\"async\" src=\"\/\/autoescolaidealitaperuna.com.br\/site\/wp-content\/uploads\/2024\/12\/slide001.jpg\" alt=\"\" title=\"\" loading=\"lazy\" class=\"skip-lazy\" data-skip-lazy=\"1\"><\/picture><\/div><div data-color=\"RGBA(255,255,255,0)\" style=\"background-color: RGBA(255,255,255,0);\" class=\"n2-ss-slide-background-color\"><\/div><\/div><div class=\"n2-ss-slide-background\" data-public-id=\"2\" data-mode=\"fill\"><div class=\"n2-ss-slide-background-image\" data-blur=\"0\" data-opacity=\"100\" data-x=\"50\" data-y=\"50\" data-alt=\"\" data-title=\"\"><picture class=\"skip-lazy\" data-skip-lazy=\"1\"><img decoding=\"async\" src=\"\/\/autoescolaidealitaperuna.com.br\/site\/wp-content\/uploads\/2024\/12\/slide002.jpg\" alt=\"\" title=\"\" loading=\"lazy\" class=\"skip-lazy\" data-skip-lazy=\"1\"><\/picture><\/div><div data-color=\"RGBA(255,255,255,0)\" style=\"background-color: RGBA(255,255,255,0);\" class=\"n2-ss-slide-background-color\"><\/div><\/div><\/div>                    <div class=\"n2-ss-slider-4 n2-ow\">\n                        <svg xmlns=\"http:\/\/www.w3.org\/2000\/svg\" viewBox=\"0 0 2188 700\" data-related-device=\"desktopPortrait\" class=\"n2-ow n2-ss-preserve-size n2-ss-preserve-size--slider n2-ss-slide-limiter\"><\/svg><div data-first=\"1\" data-slide-duration=\"0\" data-id=\"3\" data-slide-public-id=\"1\" data-title=\"slide001\" class=\"n2-ss-slide n2-ow  n2-ss-slide-3\"><div role=\"note\" class=\"n2-ss-slide--focus\" tabindex=\"-1\">slide001<\/div><div class=\"n2-ss-layers-container n2-ss-slide-limiter n2-ow\"><div class=\"n2-ss-layer n2-ow n-uc-VwGIZGWN8Qb2\" data-sstype=\"slide\" data-pm=\"default\"><\/div><\/div><\/div><div data-slide-duration=\"0\" data-id=\"4\" data-slide-public-id=\"2\" data-title=\"slide002\" class=\"n2-ss-slide n2-ow  n2-ss-slide-4\"><div role=\"note\" class=\"n2-ss-slide--focus\" tabindex=\"-1\">slide002<\/div><div class=\"n2-ss-layers-container n2-ss-slide-limiter n2-ow\"><div class=\"n2-ss-layer n2-ow n-uc-LlRrj1KFCLIv\" data-sstype=\"slide\" data-pm=\"default\"><\/div><\/div><\/div>                    <\/div>\n\n                                    <\/div>\n            <\/div>\n        <\/div>\n        <div class=\"n2-ss-slider-controls n2-ss-slider-controls-absolute-left-center\"><div style=\"--widget-offset:15px;\" class=\"n2-ss-widget nextend-arrow n2-ow-all nextend-arrow-previous  nextend-arrow-animated-fade\" data-hide-mobileportrait=\"1\" id=\"n2-ss-2-arrow-previous\" role=\"button\" aria-label=\"previous arrow\" tabindex=\"0\"><img loading=\"lazy\" decoding=\"async\" width=\"32\" height=\"32\" class=\"skip-lazy\" data-skip-lazy=\"1\" src=\"data:image\/svg+xml;base64,PHN2ZyB3aWR0aD0iMzIiIGhlaWdodD0iMzIiIHZpZXdCb3g9IjAgMCAzMiAzMiIgeG1sbnM9Imh0dHA6Ly93d3cudzMub3JnLzIwMDAvc3ZnIj4KICAgIDxwYXRoIGQ9Ik0xMS40MzMgMTUuOTkyTDIyLjY5IDUuNzEyYy4zOTMtLjM5LjM5My0xLjAzIDAtMS40Mi0uMzkzLS4zOS0xLjAzLS4zOS0xLjQyMyAwbC0xMS45OCAxMC45NGMtLjIxLjIxLS4zLjQ5LS4yODUuNzYtLjAxNS4yOC4wNzUuNTYuMjg0Ljc3bDExLjk4IDEwLjk0Yy4zOTMuMzkgMS4wMy4zOSAxLjQyNCAwIC4zOTMtLjQuMzkzLTEuMDMgMC0xLjQybC0xMS4yNTctMTAuMjkiCiAgICAgICAgICBmaWxsPSIjZmZmZmZmIiBvcGFjaXR5PSIwLjgiIGZpbGwtcnVsZT0iZXZlbm9kZCIvPgo8L3N2Zz4=\" alt=\"previous arrow\"><\/div><\/div><div class=\"n2-ss-slider-controls n2-ss-slider-controls-absolute-right-center\"><div style=\"--widget-offset:15px;\" class=\"n2-ss-widget nextend-arrow n2-ow-all nextend-arrow-next  nextend-arrow-animated-fade\" data-hide-mobileportrait=\"1\" id=\"n2-ss-2-arrow-next\" role=\"button\" aria-label=\"next arrow\" tabindex=\"0\"><img loading=\"lazy\" decoding=\"async\" width=\"32\" height=\"32\" class=\"skip-lazy\" data-skip-lazy=\"1\" src=\"data:image\/svg+xml;base64,PHN2ZyB3aWR0aD0iMzIiIGhlaWdodD0iMzIiIHZpZXdCb3g9IjAgMCAzMiAzMiIgeG1sbnM9Imh0dHA6Ly93d3cudzMub3JnLzIwMDAvc3ZnIj4KICAgIDxwYXRoIGQ9Ik0xMC43MjIgNC4yOTNjLS4zOTQtLjM5LTEuMDMyLS4zOS0xLjQyNyAwLS4zOTMuMzktLjM5MyAxLjAzIDAgMS40MmwxMS4yODMgMTAuMjgtMTEuMjgzIDEwLjI5Yy0uMzkzLjM5LS4zOTMgMS4wMiAwIDEuNDIuMzk1LjM5IDEuMDMzLjM5IDEuNDI3IDBsMTIuMDA3LTEwLjk0Yy4yMS0uMjEuMy0uNDkuMjg0LS43Ny4wMTQtLjI3LS4wNzYtLjU1LS4yODYtLjc2TDEwLjcyIDQuMjkzeiIKICAgICAgICAgIGZpbGw9IiNmZmZmZmYiIG9wYWNpdHk9IjAuOCIgZmlsbC1ydWxlPSJldmVub2RkIi8+Cjwvc3ZnPg==\" alt=\"next arrow\"><\/div><\/div><\/div><\/div><ss3-loader><\/ss3-loader><\/div><\/div><div class=\"n2_clear\"><\/div><\/div><\/ss3-force-full-width><\/div>\n\n\n<div style=\"height:21px\" aria-hidden=\"true\" class=\"wp-block-spacer\"><\/div>\n\n\n\n<div class=\"wp-block-essential-blocks-social  root-eb-social-links-90kx5\"><div class=\"eb-parent-wrapper eb-parent-eb-social-links-90kx5 eb_animation eb___animated eb___zoomIn\"><div class=\"eb-social-links-90kx5 eb-social-links-wrapper\"><ul class=\"eb-socials\"><li><a class=\"facebook-f-original hvr-grow\" href=\"\" target=\"_self\" rel=\"noopener\" aria-label=\"social link\"><i class=\"hvr-icon eb-social-icon fab fa-facebook-f\"><\/i><\/a><\/li><li><a class=\"instagram-original hvr-grow\" href=\"\" target=\"_self\" rel=\"noopener\" aria-label=\"social link\"><i class=\"hvr-icon eb-social-icon fab fa-instagram\"><\/i><\/a><\/li><\/ul><\/div><\/div><\/div>\n\n\n\n<h2 class=\"wp-block-heading has-text-align-center has-text-color has-link-color wp-elements-cbddcb22b069aec4d423043446df4c22\" id=\"Escolha_uma_de_nossas_unidades_e_clique_para_enviar_sua_mensagem\" style=\"color:#fa9e3e;font-size:26px;font-style:normal;font-weight:1000\">Escolha uma de nossas unidades e clique para enviar sua mensagem<\/h2>\n\n\n\n<div class=\"wp-block-columns is-layout-flex wp-container-core-columns-is-layout-9d6595d7 wp-block-columns-is-layout-flex\">\n<div class=\"wp-block-column is-layout-flow wp-block-column-is-layout-flow\"><div  class=\"wp-block-ultimate-post-image ultp-block-7763da\"><div class=\"ultp-block-wrapper\"><figure class=\"ultp-image-block-wrapper\"><div class=\"ultp-image-block ultp-image-block-opacity\"><a href=\"https:\/\/api.whatsapp.com\/send?phone=5522998658488\" target=\"_blank\"><img decoding=\"async\"  class=\"ultp-image\"  alt=\"Image Not Found\"  src=\"https:\/\/autoescolaidealitaperuna.com.br\/site\/wp-content\/uploads\/2025\/03\/itaperuna01.png\" \/><\/a><\/div><\/figure><\/div><\/div><\/div>\n\n\n\n<div class=\"wp-block-column is-vertically-aligned-center is-layout-flow wp-block-column-is-layout-flow\"><div  class=\"wp-block-ultimate-post-image ultp-block-f7d662\"><div class=\"ultp-block-wrapper\"><figure class=\"ultp-image-block-wrapper\"><div class=\"ultp-image-block ultp-image-block-opacity\"><a href=\"https:\/\/api.whatsapp.com\/send?phone=5522998658488\" target=\"_blank\"><img decoding=\"async\"  class=\"ultp-image\"  alt=\"Image Not Found\"  src=\"https:\/\/autoescolaidealitaperuna.com.br\/site\/wp-content\/uploads\/2025\/03\/itaperuna02.png\" \/><\/a><\/div><\/figure><\/div><\/div><\/div>\n\n\n\n<div class=\"wp-block-column is-layout-flow wp-block-column-is-layout-flow\"><div  class=\"wp-block-ultimate-post-image ultp-block-654a31\"><div class=\"ultp-block-wrapper\"><figure class=\"ultp-image-block-wrapper\"><div class=\"ultp-image-block ultp-image-block-opacity\"><a href=\"https:\/\/api.whatsapp.com\/send?phone=5522998707161\" target=\"_blank\"><img decoding=\"async\"  class=\"ultp-image\"  alt=\"Image Not Found\"  src=\"https:\/\/autoescolaidealitaperuna.com.br\/site\/wp-content\/uploads\/2025\/03\/natividade.png\" \/><\/a><\/div><\/figure><\/div><\/div><\/div>\n\n\n\n<div class=\"wp-block-column is-layout-flow wp-block-column-is-layout-flow\"><div  class=\"wp-block-ultimate-post-image ultp-block-057145\"><div class=\"ultp-block-wrapper\"><figure class=\"ultp-image-block-wrapper\"><div class=\"ultp-image-block ultp-image-block-opacity\"><a href=\"https:\/\/api.whatsapp.com\/send?phone=5522981460720\" target=\"_blank\"><img decoding=\"async\"  class=\"ultp-image\"  alt=\"Image Not Found\"  src=\"https:\/\/autoescolaidealitaperuna.com.br\/site\/wp-content\/uploads\/2025\/03\/quissama.png\" \/><\/a><\/div><\/figure><\/div><\/div><\/div>\n<\/div>\n\n\n\n<div style=\"height:21px\" aria-hidden=\"true\" class=\"wp-block-spacer\"><\/div>\n\n\n\n<h2 class=\"wp-block-heading has-text-align-center has-text-color has-link-color wp-elements-85416389c2922825cc0ede9de7ad60ee\" id=\"Parab\u00e9ns_aos_nossos_aprovados\" style=\"color:#fa9e3e;font-size:26px;font-style:normal;font-weight:1000\">Parab\u00e9ns aos nossos aprovados<\/h2>\n\n\n\n<div class=\"wp-block-columns alignfull has-background is-layout-flex wp-container-core-columns-is-layout-9d6595d7 wp-block-columns-is-layout-flex\" style=\"background-color:#f7f7f7\">\n<div class=\"wp-block-column is-layout-flow wp-block-column-is-layout-flow\"><div  class=\"wp-block-ultimate-post-image ultp-block-cf9c7a\"><div class=\"ultp-block-wrapper\"><figure class=\"ultp-image-block-wrapper\"><div class=\"ultp-image-block ultp-image-block-none\"><img decoding=\"async\"  class=\"ultp-image\"  alt=\"Image Not Found\"  src=\"https:\/\/autoescolaidealitaperuna.com.br\/site\/wp-content\/uploads\/2025\/02\/Isabela-Pessoa.png\" \/><\/div><\/figure><\/div><\/div>\n\n\n<h2 class=\"wp-block-heading has-text-align-center\">Isabela Pessoa<\/h2>\n<\/div>\n\n\n\n<div class=\"wp-block-column is-layout-flow wp-block-column-is-layout-flow\"><div  class=\"wp-block-ultimate-post-image ultp-block-27d906\"><div class=\"ultp-block-wrapper\"><figure class=\"ultp-image-block-wrapper\"><div class=\"ultp-image-block ultp-image-block-none\"><img decoding=\"async\"  class=\"ultp-image\"  alt=\"Image Not Found\"  src=\"https:\/\/autoescolaidealitaperuna.com.br\/site\/wp-content\/uploads\/2025\/02\/Thais-Berbet.jpg\" \/><\/div><\/figure><\/div><\/div>\n\n\n<h2 class=\"wp-block-heading has-text-align-center\">Thais Berbet<\/h2>\n<\/div>\n\n\n\n<div class=\"wp-block-column is-layout-flow wp-block-column-is-layout-flow\"><div  class=\"wp-block-ultimate-post-image ultp-block-9b0ebd\"><div class=\"ultp-block-wrapper\"><figure class=\"ultp-image-block-wrapper\"><div class=\"ultp-image-block ultp-image-block-none\"><img decoding=\"async\"  class=\"ultp-image\"  alt=\"Image Not Found\"  src=\"https:\/\/autoescolaidealitaperuna.com.br\/site\/wp-content\/uploads\/2025\/02\/Tais-Miriam.jpg\" \/><\/div><\/figure><\/div><\/div>\n\n\n<h2 class=\"wp-block-heading has-text-align-center\">Tais Miriam<\/h2>\n<\/div>\n\n\n\n<div class=\"wp-block-column is-layout-flow wp-block-column-is-layout-flow\"><div  class=\"wp-block-ultimate-post-image ultp-block-2c22b9\"><div class=\"ultp-block-wrapper\"><figure class=\"ultp-image-block-wrapper\"><div class=\"ultp-image-block ultp-image-block-none\"><img decoding=\"async\"  class=\"ultp-image\"  alt=\"Image Not Found\"  src=\"https:\/\/autoescolaidealitaperuna.com.br\/site\/wp-content\/uploads\/2025\/02\/Maria-Eduarda.jpg\" \/><\/div><\/figure><\/div><\/div>\n\n\n<h2 class=\"wp-block-heading has-text-align-center\">Maria Eduarda<\/h2>\n<\/div>\n\n\n\n<div class=\"wp-block-column is-layout-flow wp-block-column-is-layout-flow\"><div  class=\"wp-block-ultimate-post-image ultp-block-58870e\"><div class=\"ultp-block-wrapper\"><figure class=\"ultp-image-block-wrapper\"><div class=\"ultp-image-block ultp-image-block-none\"><img decoding=\"async\"  class=\"ultp-image\"  alt=\"Image Not Found\"  src=\"https:\/\/autoescolaidealitaperuna.com.br\/site\/wp-content\/uploads\/2025\/02\/Adriano-Campos.jpg\" \/><\/div><\/figure><\/div><\/div>\n\n\n<h2 class=\"wp-block-heading has-text-align-center\">Adriano Campos<\/h2>\n<\/div>\n\n\n\n<div class=\"wp-block-column is-layout-flow wp-block-column-is-layout-flow\"><div  class=\"wp-block-ultimate-post-image ultp-block-85ca96\"><div class=\"ultp-block-wrapper\"><figure class=\"ultp-image-block-wrapper\"><div class=\"ultp-image-block ultp-image-block-none\"><img decoding=\"async\"  class=\"ultp-image\"  alt=\"Image Not Found\"  src=\"https:\/\/autoescolaidealitaperuna.com.br\/site\/wp-content\/uploads\/2025\/03\/Pedro-Henrique.jpg\" \/><\/div><\/figure><\/div><\/div>\n\n\n<h2 class=\"wp-block-heading has-text-align-center\">Pedro Henrique<\/h2>\n<\/div>\n<\/div>\n\n\n\n<div class=\"wp-block-ultimate-post-post-grid-parent ultp-post-grid-parent\" data-postid=\"19\" data-grids=\"[]\" data-pagi=\"[]\"><\/div>\n\n\n\n<div style=\"height:21px\" aria-hidden=\"true\" class=\"wp-block-spacer\"><\/div>\n\n\n\n<h2 class=\"wp-block-heading has-text-align-center has-text-color has-link-color wp-elements-c395577cae03d50e938987a7ce1f6bee\" id=\"Dicas_e_informa\u00e7\u00f5es_\u00fateis\" style=\"color:#fa9e3e;font-size:26px;font-style:normal;font-weight:1000\">Dicas e informa\u00e7\u00f5es \u00fateis<\/h2>\n\n\n<div  class=\"ultp-post-grid-block wp-block-ultimate-post-post-grid-2 ultp-block-15dca0\"><div class=\"ultp-block-wrapper\"><div class=\"ultp-loading\"><div class=\"ultp-loading-blocks\" style=\"width:100%;height:100%;\"><div style=\"left: 0;top: 0;animation-delay:0s;\"><\/div><div style=\"left: 21px;top: 0;animation-delay:0.125s;\"><\/div><div style=\"left: 42px;top: 0;animation-delay:0.25s;\"><\/div><div style=\"left: 0;top: 21px;animation-delay:0.875s;\"><\/div><div style=\"left: 42px;top: 21px;animation-delay:0.375s;\"><\/div><div style=\"left: 0;top: 42px;animation-delay:0.75s;\"><\/div><div style=\"left: 42px;top: 42px;animation-delay:0.625s;\"><\/div><div style=\"left: 21px;top: 42px;animation-delay:0.5s;\"><\/div><\/div><\/div><div class=\"ultp-block-items-wrap ultp-block-row\"><div class=\"ultp-block-item post-id-67\"><div class=\"ultp-block-content-wrap ultp-block-content-overlay\"><div class=\"ultp-block-image ultp-block-image-zoomOut ultp-block-image-overlay ultp-block-image-simgleGradient\"><a href=\"https:\/\/autoescolaidealitaperuna.com.br\/site\/index.php\/2024\/12\/20\/por-que-a-direcao-defensiva-e-essencial-para-novos-motoristas\/\" ><img decoding=\"async\"  alt=\"Por Que a Dire\u00e7\u00e3o Defensiva \u00c9 Essencial para Novos Motoristas\"  src=\"https:\/\/autoescolaidealitaperuna.com.br\/site\/wp-content\/uploads\/2024\/12\/drive-300x200.jpg\" \/><\/a><\/div><div class=\"ultp-block-content ultp-block-content-bottomPosition\"><div class=\"ultp-block-content-inner\"><h3 class=\"ultp-block-title \"><a href=\"https:\/\/autoescolaidealitaperuna.com.br\/site\/index.php\/2024\/12\/20\/por-que-a-direcao-defensiva-e-essencial-para-novos-motoristas\/\" >Por Que a Dire\u00e7\u00e3o Defensiva \u00c9 Essencial para Novos Motoristas<\/a><\/h3><\/div><\/div><\/div><\/div><div class=\"ultp-block-item post-id-64\"><div class=\"ultp-block-content-wrap ultp-block-content-overlay\"><div class=\"ultp-block-image ultp-block-image-zoomOut ultp-block-image-overlay ultp-block-image-simgleGradient\"><a href=\"https:\/\/autoescolaidealitaperuna.com.br\/site\/index.php\/2024\/12\/20\/7-dicas-para-mandar-bem-na-prova-teorica-do-detran\/\" ><img decoding=\"async\"  alt=\"7 Dicas para Mandar Bem na Prova Te\u00f3rica do Detran\"  src=\"https:\/\/autoescolaidealitaperuna.com.br\/site\/wp-content\/uploads\/2024\/12\/2150263116-300x191.jpg\" \/><\/a><\/div><div class=\"ultp-block-content ultp-block-content-bottomPosition\"><div class=\"ultp-block-content-inner\"><h3 class=\"ultp-block-title \"><a href=\"https:\/\/autoescolaidealitaperuna.com.br\/site\/index.php\/2024\/12\/20\/7-dicas-para-mandar-bem-na-prova-teorica-do-detran\/\" >7 Dicas para Mandar Bem na Prova Te\u00f3rica do Detran<\/a><\/h3><\/div><\/div><\/div><\/div><div class=\"ultp-block-item post-id-61\"><div class=\"ultp-block-content-wrap ultp-block-content-overlay\"><div class=\"ultp-block-image ultp-block-image-zoomOut ultp-block-image-overlay ultp-block-image-simgleGradient\"><a href=\"https:\/\/autoescolaidealitaperuna.com.br\/site\/index.php\/2024\/12\/19\/como-economizar-na-obtencao-da-sua-cnh-dicas-que-fazem-a-diferenca\/\" ><img decoding=\"async\"  alt=\"Como Economizar na Obten\u00e7\u00e3o da Sua CNH: Dicas que Fazem a Diferen\u00e7a\"  src=\"https:\/\/autoescolaidealitaperuna.com.br\/site\/wp-content\/uploads\/2024\/12\/conquista-300x281.jpg\" \/><\/a><\/div><div class=\"ultp-block-content ultp-block-content-bottomPosition\"><div class=\"ultp-block-content-inner\"><h3 class=\"ultp-block-title \"><a href=\"https:\/\/autoescolaidealitaperuna.com.br\/site\/index.php\/2024\/12\/19\/como-economizar-na-obtencao-da-sua-cnh-dicas-que-fazem-a-diferenca\/\" >Como Economizar na Obten\u00e7\u00e3o da Sua CNH: Dicas que Fazem a Diferen\u00e7a<\/a><\/h3><\/div><\/div><\/div><\/div><div class=\"ultp-block-item post-id-58\"><div class=\"ultp-block-content-wrap ultp-block-content-overlay\"><div class=\"ultp-block-image ultp-block-image-zoomOut ultp-block-image-overlay ultp-block-image-simgleGradient\"><a href=\"https:\/\/autoescolaidealitaperuna.com.br\/site\/index.php\/2024\/12\/19\/5-dicas-infaliveis-para-perder-o-medo-de-dirigir\/\" ><img decoding=\"async\"  alt=\"5 Dicas Infal\u00edveis para Perder o Medo de Dirigir\"  src=\"https:\/\/autoescolaidealitaperuna.com.br\/site\/wp-content\/uploads\/2024\/12\/dicas-dirigir-300x255.png\" \/><\/a><\/div><div class=\"ultp-block-content ultp-block-content-bottomPosition\"><div class=\"ultp-block-content-inner\"><h3 class=\"ultp-block-title \"><a href=\"https:\/\/autoescolaidealitaperuna.com.br\/site\/index.php\/2024\/12\/19\/5-dicas-infaliveis-para-perder-o-medo-de-dirigir\/\" >5 Dicas Infal\u00edveis para Perder o Medo de Dirigir<\/a><\/h3><\/div><\/div><\/div><\/div><\/div><\/div><div class=\"pagination-block-html\" aria-hidden=\"true\" style=\"display: none;\"><\/div><\/div>\n\n\n<p><\/p>\n","protected":false},"excerpt":{"rendered":"<p>Escolha uma de nossas unidades e clique para enviar sua mensagem Parab\u00e9ns aos nossos aprovados Isabela Pessoa Thais Berbet Tais Miriam Maria Eduarda Adriano Campos Pedro Henrique Dicas e informa\u00e7\u00f5es \u00fateis<\/p>\n","protected":false},"author":1,"featured_media":0,"parent":0,"menu_order":0,"comment_status":"closed","ping_status":"closed","template":"","meta":{"_eb_attr":"","_joinchat":[],"footnotes":""},"class_list":["post-19","page","type-page","status-publish","hentry"],"_links":{"self":[{"href":"https:\/\/autoescolaidealitaperuna.com.br\/site\/index.php\/wp-json\/wp\/v2\/pages\/19","targetHints":{"allow":["GET"]}}],"collection":[{"href":"https:\/\/autoescolaidealitaperuna.com.br\/site\/index.php\/wp-json\/wp\/v2\/pages"}],"about":[{"href":"https:\/\/autoescolaidealitaperuna.com.br\/site\/index.php\/wp-json\/wp\/v2\/types\/page"}],"author":[{"embeddable":true,"href":"https:\/\/autoescolaidealitaperuna.com.br\/site\/index.php\/wp-json\/wp\/v2\/users\/1"}],"replies":[{"embeddable":true,"href":"https:\/\/autoescolaidealitaperuna.com.br\/site\/index.php\/wp-json\/wp\/v2\/comments?post=19"}],"version-history":[{"count":72,"href":"https:\/\/autoescolaidealitaperuna.com.br\/site\/index.php\/wp-json\/wp\/v2\/pages\/19\/revisions"}],"predecessor-version":[{"id":345,"href":"https:\/\/autoescolaidealitaperuna.com.br\/site\/index.php\/wp-json\/wp\/v2\/pages\/19\/revisions\/345"}],"wp:attachment":[{"href":"https:\/\/autoescolaidealitaperuna.com.br\/site\/index.php\/wp-json\/wp\/v2\/media?parent=19"}],"curies":[{"name":"wp","href":"https:\/\/api.w.org\/{rel}","templated":true}]}}